{"id":159,"date":"2018-06-28T07:18:46","date_gmt":"2018-06-28T07:18:46","guid":{"rendered":"http:\/\/www.minicampinglugtenburg.nl\/?page_id=159"},"modified":"2026-01-15T15:52:53","modified_gmt":"2026-01-15T14:52:53","slug":"prijzen","status":"publish","type":"page","link":"https:\/\/www.minicampinglugtenburg.nl\/de\/prijzen\/","title":{"rendered":"Preise"},"content":{"rendered":"<p><div class=\"col2 shortcol  \" data-width=\"\" ><\/p>\n<p style=\"font-weight: 400;\">Herzlich Willkommen auf unserem Minicamping bij Simon en Dea de Visser.<\/p>\n<p style=\"font-weight: 400;\"><strong>SAISON 2026 Ge\u00f6ffnet von Freitag 27 M\u00e4rz bis Sonntag 1 November 2026<\/strong><\/p>\n<h2 style=\"font-weight: 400;\"><strong>PREISE<\/strong><\/h2>\n<p style=\"font-weight: 400;\"><strong>PREISEN: Caravan\/ Camper\/ Zelt<\/strong>\u00a0 inklusif 2 Personen<\/p>\n<ul>\n<li style=\"font-weight: 400;\">Touristensteuer \u00e1 <strong><em>\u20ac 1,68 <\/em><\/strong>p.P.p.N<\/li>\n<li style=\"font-weight: 400;\">Elektrizit\u00e4t 6 ampere<\/li>\n<li style=\"font-weight: 400;\">Douche, Auto, Sanitair, Welan<\/li>\n<li>Unsere Pl\u00e4tze sind mindestens 10 x 10 Meter<\/li>\n<li style=\"font-weight: 400;\">Platz f\u00fcr ein zus\u00e4tzliches Schlafzelt<\/li>\n<li style=\"font-weight: 400;\">Babys (bis 1 Jahr) gratis<\/li>\n<\/ul>\n<p style=\"font-weight: 400;\">Marz\/ April\/ Mai:<strong> \u20ac 25,=<\/strong><\/p>\n<p style=\"font-weight: 400;\">Ostern: <strong>\u20ac 28,=<\/strong><\/p>\n<p style=\"font-weight: 400;\">Himmelfahrt \/ Pfingsten \/ Frohleignam: <strong>\u20ac 32,=<\/strong><\/p>\n<p style=\"font-weight: 400;\">Juni\/ September: <strong>\u20ac 27,=<\/strong><\/p>\n<p style=\"font-weight: 400;\">Juli\/ August: <strong>\u20ac 32,=<\/strong><\/p>\n<p style=\"font-weight: 400;\">Oktober: <strong>\u20ac 24,=<\/strong><\/p>\n<p style=\"font-weight: 400;\"><\/div><div class=\"col2 shortcol  \" data-width=\"\" ><\/p>\n<p style=\"font-weight: 400;\"><strong>EXTRA (pro Nacht)<\/strong><\/p>\n<ul>\n<li style=\"font-weight: 400;\">\n<div>Besucher ( ab 3e Person) \u00a0\u20ac 6,00<\/div>\n<\/li>\n<li style=\"font-weight: 400;\">\n<div>Hund \u20ac 1,00<\/div>\n<\/li>\n<li style=\"font-weight: 400;\">\n<div>2e Schlafzelt \u20ac 1,00<\/div>\n<\/li>\n<li style=\"font-weight: 400;\">\n<div>2e Auto \u20ac 1,00<\/div>\n<\/li>\n<li style=\"font-weight: 400;\">\n<div>douchen tagesbesucher \u20ac 1,00<\/div>\n<\/li>\n<\/ul>\n<p style=\"font-weight: 400;\"><strong>ANKUNFT\/ABREISE<\/strong><\/p>\n<ul>\n<li style=\"font-weight: 400;\">bis 11.00 Uhr muss der Platz ger\u00e4umt sein<\/li>\n<li style=\"font-weight: 400;\">Ausnahmen sind nach R\u00fccksprache m\u00f6glich.<\/li>\n<li style=\"font-weight: 400;\">Feste Pl\u00e4tze werden nicht zugewiesen, wer zuerst kommt hat die Wahl eines freies Platze .<\/li>\n<li style=\"font-weight: 400;\">Bei Ankunft bitte melden und einschreiben.<\/li>\n<li style=\"font-weight: 400;\">Bei der Abreise bitte nicht auf den letzten Moment abrechnen!<\/li>\n<\/ul>\n<p style=\"font-weight: 400;\"><strong>BEZAHLUNG<\/strong><\/p>\n<ul>\n<li style=\"font-weight: 400;\">Bar oder bank uberweisung<\/li>\n<li style=\"font-weight: 400;\">Bei unerwarteter vorzeitiger Abreise werden die Tage abz\u00fcglich der Touristensteuer berechnet.<\/li>\n<\/ul>\n<p style=\"font-weight: 400;\"><strong>RESERVIERUNGEN<\/strong><\/p>\n<ul>\n<li style=\"font-weight: 400;\">M\u00f6glich<\/li>\n<\/ul>\n<p style=\"font-weight: 400;\"><strong>DIVERSES<\/strong><\/p>\n<ul>\n<li style=\"font-weight: 400;\">Gratis Gebrauch von K\u00fchlschrank und Tiefk\u00fchltruhe und W\u00e4scheschleuder.<\/li>\n<li style=\"font-weight: 400;\">Waschmaschine \u00e1 \u20ac 5,00 pro Trommel<\/li>\n<li style=\"font-weight: 400;\">(in Notf\u00e4llen auch Fahrrad \u20ac 2,50 )<\/li>\n<\/ul>\n<p><\/div><\/p>","protected":false},"excerpt":{"rendered":"","protected":false},"author":1,"featured_media":0,"parent":0,"menu_order":0,"comment_status":"closed","ping_status":"closed","template":"","meta":{"inline_featured_image":false,"footnotes":""},"class_list":["post-159","page","type-page","status-publish","hentry"],"yoast_head":"<!-- This site is optimized with the Yoast SEO plugin v25.6 - https:\/\/yoast.com\/wordpress\/plugins\/seo\/ -->\n<title>Preise Camping in Oostkapelle - Minicamping Lugtenburg<\/title>\n<meta name=\"description\" content=\"(Nederlands) Hier vind u onze prijzen en tarieven voor op de mini camping in Oostkapelle. Ook de extra&#039;s die bij te boeken zijn er te vinden, bij vragen neem contact op!\" \/>\n<meta name=\"robots\" content=\"index, follow, max-snippet:-1, max-image-preview:large, max-video-preview:-1\" \/>\n<link rel=\"canonical\" href=\"https:\/\/www.minicampinglugtenburg.nl\/prijzen\/\" \/>\n<meta property=\"og:locale\" content=\"de_DE\" \/>\n<meta property=\"og:type\" content=\"article\" \/>\n<meta property=\"og:title\" content=\"[:nl]Prijzen &amp; tarieven bij Mini-camping Lugtenburg in Oostkapelle, Zeeland, Nederland.[:de]Preise Camping in Oostkapelle - Minicamping Lugtenburg [:]\" \/>\n<meta property=\"og:description\" content=\"{:nl}Hier vind u onze prijzen en tarieven voor op de mini camping in Oostkapelle. Ook de extra&#039;s die bij te boeken zijn er te vinden, bij vragen neem contact op!{:}\" \/>\n<meta property=\"og:url\" content=\"https:\/\/www.minicampinglugtenburg.nl\/prijzen\/\" \/>\n<meta property=\"og:site_name\" content=\"Minicamping Lugtenburg\" \/>\n<meta property=\"article:modified_time\" content=\"2026-01-15T14:52:53+00:00\" \/>\n<meta name=\"twitter:card\" content=\"summary_large_image\" \/>\n<meta name=\"twitter:label1\" content=\"Gesch\u00e4tzte Lesezeit\" \/>\n\t<meta name=\"twitter:data1\" content=\"1\u00a0Minute\" \/>\n<script type=\"application\/ld+json\" class=\"yoast-schema-graph\">{\"@context\":\"https:\/\/schema.org\",\"@graph\":[{\"@type\":\"WebPage\",\"@id\":\"https:\/\/www.minicampinglugtenburg.nl\/prijzen\/\",\"url\":\"https:\/\/www.minicampinglugtenburg.nl\/prijzen\/\",\"name\":\"[:nl]Prijzen & tarieven bij Mini-camping Lugtenburg in Oostkapelle, Zeeland, Nederland.[:de]Preise Camping in Oostkapelle - Minicamping Lugtenburg [:]\",\"isPartOf\":{\"@id\":\"https:\/\/www.minicampinglugtenburg.nl\/#website\"},\"datePublished\":\"2018-06-28T07:18:46+00:00\",\"dateModified\":\"2026-01-15T14:52:53+00:00\",\"description\":\"{:nl}Hier vind u onze prijzen en tarieven voor op de mini camping in Oostkapelle. Ook de extra's die bij te boeken zijn er te vinden, bij vragen neem contact op!{:}\",\"breadcrumb\":{\"@id\":\"https:\/\/www.minicampinglugtenburg.nl\/prijzen\/#breadcrumb\"},\"inLanguage\":\"de\",\"potentialAction\":[{\"@type\":\"ReadAction\",\"target\":[\"https:\/\/www.minicampinglugtenburg.nl\/prijzen\/\"]}]},{\"@type\":\"BreadcrumbList\",\"@id\":\"https:\/\/www.minicampinglugtenburg.nl\/prijzen\/#breadcrumb\",\"itemListElement\":[{\"@type\":\"ListItem\",\"position\":1,\"name\":\"Home\",\"item\":\"https:\/\/www.minicampinglugtenburg.nl\/\"},{\"@type\":\"ListItem\",\"position\":2,\"name\":\"Prijzen \/ Tarieven\"}]},{\"@type\":\"WebSite\",\"@id\":\"https:\/\/www.minicampinglugtenburg.nl\/#website\",\"url\":\"https:\/\/www.minicampinglugtenburg.nl\/\",\"name\":\"Minicamping Lugtenburg\",\"description\":\"Een rustig gelegen mini-camping in Oostkapelle!\",\"potentialAction\":[{\"@type\":\"SearchAction\",\"target\":{\"@type\":\"EntryPoint\",\"urlTemplate\":\"https:\/\/www.minicampinglugtenburg.nl\/?s={search_term_string}\"},\"query-input\":{\"@type\":\"PropertyValueSpecification\",\"valueRequired\":true,\"valueName\":\"search_term_string\"}}],\"inLanguage\":\"de\"}]}<\/script>\n<!-- \/ Yoast SEO plugin. -->","yoast_head_json":{"title":"Preise Camping in Oostkapelle - Minicamping Lugtenburg","description":"(Nederlands) Hier vind u onze prijzen en tarieven voor op de mini camping in Oostkapelle. Ook de extra's die bij te boeken zijn er te vinden, bij vragen neem contact op!","robots":{"index":"index","follow":"follow","max-snippet":"max-snippet:-1","max-image-preview":"max-image-preview:large","max-video-preview":"max-video-preview:-1"},"canonical":"https:\/\/www.minicampinglugtenburg.nl\/prijzen\/","og_locale":"de_DE","og_type":"article","og_title":"[:nl]Prijzen & tarieven bij Mini-camping Lugtenburg in Oostkapelle, Zeeland, Nederland.[:de]Preise Camping in Oostkapelle - Minicamping Lugtenburg [:]","og_description":"{:nl}Hier vind u onze prijzen en tarieven voor op de mini camping in Oostkapelle. Ook de extra's die bij te boeken zijn er te vinden, bij vragen neem contact op!{:}","og_url":"https:\/\/www.minicampinglugtenburg.nl\/prijzen\/","og_site_name":"Minicamping Lugtenburg","article_modified_time":"2026-01-15T14:52:53+00:00","twitter_card":"summary_large_image","twitter_misc":{"Gesch\u00e4tzte Lesezeit":"1\u00a0Minute"},"schema":{"@context":"https:\/\/schema.org","@graph":[{"@type":"WebPage","@id":"https:\/\/www.minicampinglugtenburg.nl\/prijzen\/","url":"https:\/\/www.minicampinglugtenburg.nl\/prijzen\/","name":"[:nl]Prijzen & tarieven bij Mini-camping Lugtenburg in Oostkapelle, Zeeland, Nederland.[:de]Preise Camping in Oostkapelle - Minicamping Lugtenburg [:]","isPartOf":{"@id":"https:\/\/www.minicampinglugtenburg.nl\/#website"},"datePublished":"2018-06-28T07:18:46+00:00","dateModified":"2026-01-15T14:52:53+00:00","description":"{:nl}Hier vind u onze prijzen en tarieven voor op de mini camping in Oostkapelle. Ook de extra's die bij te boeken zijn er te vinden, bij vragen neem contact op!{:}","breadcrumb":{"@id":"https:\/\/www.minicampinglugtenburg.nl\/prijzen\/#breadcrumb"},"inLanguage":"de","potentialAction":[{"@type":"ReadAction","target":["https:\/\/www.minicampinglugtenburg.nl\/prijzen\/"]}]},{"@type":"BreadcrumbList","@id":"https:\/\/www.minicampinglugtenburg.nl\/prijzen\/#breadcrumb","itemListElement":[{"@type":"ListItem","position":1,"name":"Home","item":"https:\/\/www.minicampinglugtenburg.nl\/"},{"@type":"ListItem","position":2,"name":"Prijzen \/ Tarieven"}]},{"@type":"WebSite","@id":"https:\/\/www.minicampinglugtenburg.nl\/#website","url":"https:\/\/www.minicampinglugtenburg.nl\/","name":"Minicamping Lugtenburg","description":"Een rustig gelegen mini-camping in Oostkapelle!","potentialAction":[{"@type":"SearchAction","target":{"@type":"EntryPoint","urlTemplate":"https:\/\/www.minicampinglugtenburg.nl\/?s={search_term_string}"},"query-input":{"@type":"PropertyValueSpecification","valueRequired":true,"valueName":"search_term_string"}}],"inLanguage":"de"}]}},"_links":{"self":[{"href":"https:\/\/www.minicampinglugtenburg.nl\/de\/wp-json\/wp\/v2\/pages\/159"}],"collection":[{"href":"https:\/\/www.minicampinglugtenburg.nl\/de\/wp-json\/wp\/v2\/pages"}],"about":[{"href":"https:\/\/www.minicampinglugtenburg.nl\/de\/wp-json\/wp\/v2\/types\/page"}],"author":[{"embeddable":true,"href":"https:\/\/www.minicampinglugtenburg.nl\/de\/wp-json\/wp\/v2\/users\/1"}],"replies":[{"embeddable":true,"href":"https:\/\/www.minicampinglugtenburg.nl\/de\/wp-json\/wp\/v2\/comments?post=159"}],"version-history":[{"count":8,"href":"https:\/\/www.minicampinglugtenburg.nl\/de\/wp-json\/wp\/v2\/pages\/159\/revisions"}],"predecessor-version":[{"id":476,"href":"https:\/\/www.minicampinglugtenburg.nl\/de\/wp-json\/wp\/v2\/pages\/159\/revisions\/476"}],"wp:attachment":[{"href":"https:\/\/www.minicampinglugtenburg.nl\/de\/wp-json\/wp\/v2\/media?parent=159"}],"curies":[{"name":"wp","href":"https:\/\/api.w.org\/{rel}","templated":true}]}}