{"id":165,"date":"2018-06-28T07:19:24","date_gmt":"2018-06-28T07:19:24","guid":{"rendered":"http:\/\/www.minicampinglugtenburg.nl\/?page_id=165"},"modified":"2018-07-23T12:48:20","modified_gmt":"2018-07-23T12:48:20","slug":"oostkapelle","status":"publish","type":"page","link":"https:\/\/www.minicampinglugtenburg.nl\/de\/oostkapelle\/","title":{"rendered":"Oostkapelle"},"content":{"rendered":"<p><\/p>\n<h2>Oostkapelle<\/h2>\n<p>Oostkapelle ist ein gem\u00fctliches und kleines Dorf, das aufgrund des Zustroms von Touristen viele Einrichtungen beherbergt. Es gibt mehrere Restaurants, darunter ein griechisches, ein chinesisches, ein italienisches, ein Fischrestaurant und ein Caf\u00e9-Restaurant. Dar\u00fcber hinaus bieten diese Restaurants ein Caf\u00e9 und eine Terrasse. Es gibt auch viele Strandpavillons, wo Sie einen Snack, ein Getr\u00e4nk und Eis genie\u00dfen k\u00f6nnen. Jeden Donnerstagmorgen gibt es einen frischen Markt in der Dorpsstraat. Das Dorf hat einen gro\u00dfen Supermarkt mit Drogerie und Spirituosengesch\u00e4ft, Metzger, Fischh\u00e4ndler, Blumengesch\u00e4ft, B\u00e4ckerei, Buchhandlung, Fahrradladen \/ Verleih und mehrere kleine Kleider- und Souvenirl\u00e4den. Au\u00dferdem gibt es einen Dispensing GP, einen Physiotherapeuten und einen Friseur. Dar\u00fcber hinaus gibt es im Dorf einen Skatepark und einen Spielplatz sowie viele Orte, an denen Angeln erlaubt ist. Kurz gesagt, f\u00fcr jeden etwas! Weitere Informationen zu Oostkapelle finden Sie unter den folgenden Links.<\/p>\n<h3>LINKS:<\/h3>\n<p><a href=\"https:\/\/www.vvvzeeland.nl\/de\/eilanden\/walcheren\/dorpen-en-steden\/oostkapelle\/\">vvvzeeland.nl\/del\/eilanden\/walcheren\/dorpen-en-steden\/oostkapelle\/<\/a><\/p>\n<p><a href=\"https:\/\/www.natuurlijkoostkapelle.nl\/\">www.natuurlijkoostkapelle.nl\/<\/a><\/p>","protected":false},"excerpt":{"rendered":"<p>Oostkapelle Oostkapelle ist ein gem\u00fctliches und kleines Dorf, das aufgrund des Zustroms von Touristen viele Einrichtungen beherbergt. Es gibt mehrere Restaurants, darunter ein griechisches, ein chinesisches, ein italienisches, ein Fischrestaurant und ein Caf\u00e9-Restaurant. Dar\u00fcber hinaus bieten diese Restaurants ein Caf\u00e9 und eine Terrasse. Es gibt auch viele Strandpavillons, wo Sie einen Snack, ein Getr\u00e4nk und<br \/><a class=\"moretag\" href=\"https:\/\/www.minicampinglugtenburg.nl\/de\/oostkapelle\/\">+ Lesen Sie mehr<\/a><\/p>\n","protected":false},"author":1,"featured_media":0,"parent":0,"menu_order":0,"comment_status":"closed","ping_status":"closed","template":"","meta":{"inline_featured_image":false,"footnotes":""},"class_list":["post-165","page","type-page","status-publish","hentry"],"yoast_head":"<!-- This site is optimized with the Yoast SEO plugin v25.6 - https:\/\/yoast.com\/wordpress\/plugins\/seo\/ -->\n<title>Oostkapelle is waar Minicamping Lugtenburg is gevestigd! Hier kunt alle info vinden!<\/title>\n<meta name=\"description\" content=\"Oostkapelle is een gezellig en kleinschalig dorp, wat mede door toestroom van de vele toeristen veel faciliteiten herbergt met als trekpleister het strand!\" \/>\n<meta name=\"robots\" content=\"index, follow, max-snippet:-1, max-image-preview:large, max-video-preview:-1\" \/>\n<link rel=\"canonical\" href=\"https:\/\/www.minicampinglugtenburg.nl\/oostkapelle\/\" \/>\n<meta property=\"og:locale\" content=\"de_DE\" \/>\n<meta property=\"og:type\" content=\"article\" \/>\n<meta property=\"og:title\" content=\"Oostkapelle is waar Minicamping Lugtenburg is gevestigd! Hier kunt alle info vinden!\" \/>\n<meta property=\"og:description\" content=\"Oostkapelle is een gezellig en kleinschalig dorp, wat mede door toestroom van de vele toeristen veel faciliteiten herbergt met als trekpleister het strand!\" \/>\n<meta property=\"og:url\" content=\"https:\/\/www.minicampinglugtenburg.nl\/oostkapelle\/\" \/>\n<meta property=\"og:site_name\" content=\"Minicamping Lugtenburg\" \/>\n<meta property=\"article:modified_time\" content=\"2018-07-23T12:48:20+00:00\" \/>\n<meta name=\"twitter:card\" content=\"summary_large_image\" \/>\n<meta name=\"twitter:label1\" content=\"Gesch\u00e4tzte Lesezeit\" \/>\n\t<meta name=\"twitter:data1\" content=\"2\u00a0Minuten\" \/>\n<script type=\"application\/ld+json\" class=\"yoast-schema-graph\">{\"@context\":\"https:\/\/schema.org\",\"@graph\":[{\"@type\":\"WebPage\",\"@id\":\"https:\/\/www.minicampinglugtenburg.nl\/oostkapelle\/\",\"url\":\"https:\/\/www.minicampinglugtenburg.nl\/oostkapelle\/\",\"name\":\"Oostkapelle is waar Minicamping Lugtenburg is gevestigd! Hier kunt alle info vinden!\",\"isPartOf\":{\"@id\":\"https:\/\/www.minicampinglugtenburg.nl\/#website\"},\"datePublished\":\"2018-06-28T07:19:24+00:00\",\"dateModified\":\"2018-07-23T12:48:20+00:00\",\"description\":\"Oostkapelle is een gezellig en kleinschalig dorp, wat mede door toestroom van de vele toeristen veel faciliteiten herbergt met als trekpleister het strand!\",\"breadcrumb\":{\"@id\":\"https:\/\/www.minicampinglugtenburg.nl\/oostkapelle\/#breadcrumb\"},\"inLanguage\":\"de\",\"potentialAction\":[{\"@type\":\"ReadAction\",\"target\":[\"https:\/\/www.minicampinglugtenburg.nl\/oostkapelle\/\"]}]},{\"@type\":\"BreadcrumbList\",\"@id\":\"https:\/\/www.minicampinglugtenburg.nl\/oostkapelle\/#breadcrumb\",\"itemListElement\":[{\"@type\":\"ListItem\",\"position\":1,\"name\":\"Home\",\"item\":\"https:\/\/www.minicampinglugtenburg.nl\/\"},{\"@type\":\"ListItem\",\"position\":2,\"name\":\"Oostkapelle\"}]},{\"@type\":\"WebSite\",\"@id\":\"https:\/\/www.minicampinglugtenburg.nl\/#website\",\"url\":\"https:\/\/www.minicampinglugtenburg.nl\/\",\"name\":\"Minicamping Lugtenburg\",\"description\":\"Een rustig gelegen mini-camping in Oostkapelle!\",\"potentialAction\":[{\"@type\":\"SearchAction\",\"target\":{\"@type\":\"EntryPoint\",\"urlTemplate\":\"https:\/\/www.minicampinglugtenburg.nl\/?s={search_term_string}\"},\"query-input\":{\"@type\":\"PropertyValueSpecification\",\"valueRequired\":true,\"valueName\":\"search_term_string\"}}],\"inLanguage\":\"de\"}]}<\/script>\n<!-- \/ Yoast SEO plugin. -->","yoast_head_json":{"title":"Oostkapelle is waar Minicamping Lugtenburg is gevestigd! Hier kunt alle info vinden!","description":"Oostkapelle is een gezellig en kleinschalig dorp, wat mede door toestroom van de vele toeristen veel faciliteiten herbergt met als trekpleister het strand!","robots":{"index":"index","follow":"follow","max-snippet":"max-snippet:-1","max-image-preview":"max-image-preview:large","max-video-preview":"max-video-preview:-1"},"canonical":"https:\/\/www.minicampinglugtenburg.nl\/oostkapelle\/","og_locale":"de_DE","og_type":"article","og_title":"Oostkapelle is waar Minicamping Lugtenburg is gevestigd! Hier kunt alle info vinden!","og_description":"Oostkapelle is een gezellig en kleinschalig dorp, wat mede door toestroom van de vele toeristen veel faciliteiten herbergt met als trekpleister het strand!","og_url":"https:\/\/www.minicampinglugtenburg.nl\/oostkapelle\/","og_site_name":"Minicamping Lugtenburg","article_modified_time":"2018-07-23T12:48:20+00:00","twitter_card":"summary_large_image","twitter_misc":{"Gesch\u00e4tzte Lesezeit":"2\u00a0Minuten"},"schema":{"@context":"https:\/\/schema.org","@graph":[{"@type":"WebPage","@id":"https:\/\/www.minicampinglugtenburg.nl\/oostkapelle\/","url":"https:\/\/www.minicampinglugtenburg.nl\/oostkapelle\/","name":"Oostkapelle is waar Minicamping Lugtenburg is gevestigd! Hier kunt alle info vinden!","isPartOf":{"@id":"https:\/\/www.minicampinglugtenburg.nl\/#website"},"datePublished":"2018-06-28T07:19:24+00:00","dateModified":"2018-07-23T12:48:20+00:00","description":"Oostkapelle is een gezellig en kleinschalig dorp, wat mede door toestroom van de vele toeristen veel faciliteiten herbergt met als trekpleister het strand!","breadcrumb":{"@id":"https:\/\/www.minicampinglugtenburg.nl\/oostkapelle\/#breadcrumb"},"inLanguage":"de","potentialAction":[{"@type":"ReadAction","target":["https:\/\/www.minicampinglugtenburg.nl\/oostkapelle\/"]}]},{"@type":"BreadcrumbList","@id":"https:\/\/www.minicampinglugtenburg.nl\/oostkapelle\/#breadcrumb","itemListElement":[{"@type":"ListItem","position":1,"name":"Home","item":"https:\/\/www.minicampinglugtenburg.nl\/"},{"@type":"ListItem","position":2,"name":"Oostkapelle"}]},{"@type":"WebSite","@id":"https:\/\/www.minicampinglugtenburg.nl\/#website","url":"https:\/\/www.minicampinglugtenburg.nl\/","name":"Minicamping Lugtenburg","description":"Een rustig gelegen mini-camping in Oostkapelle!","potentialAction":[{"@type":"SearchAction","target":{"@type":"EntryPoint","urlTemplate":"https:\/\/www.minicampinglugtenburg.nl\/?s={search_term_string}"},"query-input":{"@type":"PropertyValueSpecification","valueRequired":true,"valueName":"search_term_string"}}],"inLanguage":"de"}]}},"_links":{"self":[{"href":"https:\/\/www.minicampinglugtenburg.nl\/de\/wp-json\/wp\/v2\/pages\/165"}],"collection":[{"href":"https:\/\/www.minicampinglugtenburg.nl\/de\/wp-json\/wp\/v2\/pages"}],"about":[{"href":"https:\/\/www.minicampinglugtenburg.nl\/de\/wp-json\/wp\/v2\/types\/page"}],"author":[{"embeddable":true,"href":"https:\/\/www.minicampinglugtenburg.nl\/de\/wp-json\/wp\/v2\/users\/1"}],"replies":[{"embeddable":true,"href":"https:\/\/www.minicampinglugtenburg.nl\/de\/wp-json\/wp\/v2\/comments?post=165"}],"version-history":[{"count":5,"href":"https:\/\/www.minicampinglugtenburg.nl\/de\/wp-json\/wp\/v2\/pages\/165\/revisions"}],"predecessor-version":[{"id":362,"href":"https:\/\/www.minicampinglugtenburg.nl\/de\/wp-json\/wp\/v2\/pages\/165\/revisions\/362"}],"wp:attachment":[{"href":"https:\/\/www.minicampinglugtenburg.nl\/de\/wp-json\/wp\/v2\/media?parent=165"}],"curies":[{"name":"wp","href":"https:\/\/api.w.org\/{rel}","templated":true}]}}